{"id":12472,"date":"2016-08-19T12:16:54","date_gmt":"2016-08-19T12:16:54","guid":{"rendered":"https:\/\/araa.pt\/data\/"},"modified":"2022-09-26T15:48:25","modified_gmt":"2022-09-26T15:48:25","slug":"co3so","status":"publish","type":"page","link":"https:\/\/araa.pt\/de\/co3so\/","title":{"rendered":"CO3SO"},"content":{"rendered":"<p>[vc_row][vc_column][vc_single_image image=&#8220;12466&#8243; img_size=&#8220;full&#8220;][vc_empty_space height=&#8220;64px&#8220;][\/vc_column][\/vc_row][vc_row][vc_column][vc_custom_heading text=&#8220;+CO3SO&#8220; font_container=&#8220;tag:h1|font_size:75|text_align:center&#8220;][\/vc_column][\/vc_row][vc_row][vc_column][vc_empty_space height=&#8220;64px&#8220;][\/vc_column][\/vc_row][vc_section][vc_row][vc_column width=&#8220;1\/2&#8243;][vc_column_text]<\/p>\n<h2><strong>FICHA TECNICA<\/strong><\/h2>\n<p><strong>Designa\u00e7\u00e3o do projeto:<\/strong> +CO3SO Emprego &#8211; Empreendedorismo Social (GAL)<br \/>\n<strong>C\u00f3digo do Projeto:<\/strong> CENTRO-05-4740-FSE-001167<br \/>\n<strong>Objetivo Principal:<\/strong><\/p>\n<ul>\n<li>FORTALECER A COES\u00c3O SOCIAL E TERRITORIAL (APROXIMAR E CONVERGIR)<\/li>\n<li>PROMOVER A INTEGRA\u00c7\u00c3O SOCIAL E COMBATER A POBREZA E QUALQUER<br \/>\nDISCRIMINA\u00c7\u00c3O<\/li>\n<\/ul>\n<p><strong>Regi\u00e3o de interven\u00e7\u00e3o:<\/strong> IDANHA-A-NOVA , 6060-182<\/p>\n<p><strong>Entidade Benefici\u00e1ria:<\/strong><\/p>\n<ul>\n<li>ASSOCIA\u00c7\u00c3O RECURSOS AMBIENTAIS ALTERNATIVOS &#8211; PORTUGAL (ARAA-PT)<\/li>\n<li>NIF: 514096292<\/li>\n<\/ul>\n<p><strong>Data de Aprova\u00e7\u00e3o:<\/strong> 09-02-2021<br \/>\n<strong>Data de Inicio:<\/strong> 01-12-2020<br \/>\n<strong>Data de Conclus\u00e3o:<\/strong> 30-11-2023<\/p>\n<p><strong>Custo total eleg\u00edvel:<\/strong> 162 286, 98\u20ac<\/p>\n<p><strong>Apoio financeiro da Uniao Europeia:<\/strong> FSE \u2013 137 943,93 \u20ac<\/p>\n<p><strong>Apoio financeiro p\u00fablico nacional:<\/strong> 24 343, 05 \u20ac<\/p>\n<p>&nbsp;<\/p>\n<p><img loading=\"lazy\" class=\"alignnone wp-image-12843\" src=\"https:\/\/araa.pt\/wp-content\/uploads\/2022\/09\/co3so_stats_2.png\" alt=\"\" width=\"371\" height=\"219\" \/><\/p>\n<p>&nbsp;<\/p>\n<p><strong>Objectivos, actividades e resultados esperados e atingidos:<\/strong><\/p>\n<p>A opera\u00e7\u00e3o permitir\u00e1 a disponibiliza\u00e7\u00e3o inform\u00e1tica de 11 000 livros nas \u00e0reas do ambiente, ecologia, sa\u00fade natural, agricultura biol\u00f3gica e biodin\u00e2mica, bot\u00e2nica, nutri\u00e7\u00e3o, com o objetivo de melhorar a qualidade de vida, promover a revitaliza\u00e7\u00e3o e a dinamiza\u00e7\u00e3o econ\u00f3mica, social, ambiental e cultural da beira interior e a nivel internacional.[\/vc_column_text][\/vc_column]<\/p>\n<p>[vc_column width=&#8220;1\/2&#8243;][vc_column_text]<strong>Baixe documentos oficiais:<\/strong><\/p>\n<p><a href=\"https:\/\/araa.pt\/wp-content\/uploads\/2022\/09\/CARTAZ-COESO-ult-rev-02.pptx.pdf\">Maquete de divulga\u00e7\u00e3o do projeto<\/a><\/p>\n<p><a href=\"https:\/\/araa.pt\/wp-content\/uploads\/2022\/09\/FICHA-TECNICA-alterada.docx.pdf\">Ficha Tecnica<\/a><\/p>\n<p><strong>Objetivos:<\/strong> <span style=\"font-weight: 400;\">Melhoria da qualidade de vida promovendo a revitaliza\u00e7\u00e3o e a dinamiza\u00e7\u00e3o econ\u00f3mica, social, ambiental e cultural da Beira Interior como tamb\u00e9m a n\u00edvel internacional.<\/span><span style=\"font-weight: 400;\"><br \/>\n<\/span><span style=\"font-weight: 400;\">Desenvolver a solidariedade com os mais desfavorecidos.<\/span><br \/>\n<strong>Objetivos espec\u00edficos:<\/strong><br \/>\nAssentam em quatro grandes pilares: Consultadoria, Investiga\u00e7\u00e3o, Solu\u00e7\u00f5es, Forma\u00e7\u00e3o<br \/>\nem v\u00e1rias \u00e1reas; ex.: agricultura, pecu\u00e1ria, alimenta\u00e7\u00e3o saud\u00e1vel, empreendedorismo social<br \/>\npara capta\u00e7\u00e3o de capitais estrangeiros e nacionais que permitam fixar pessoas.<\/p>\n<p><strong>Actividades:<\/strong><br \/>\n&#8211; Conceber e dar respostas ao desenvolvimento da Bio Regi\u00e3o,<br \/>\n&#8211; <span style=\"font-weight: 400;\">Criando liga\u00e7\u00f5es entre produtores e acompanhar o seu trabalho, enquadr\u00e1-los e adapt\u00e1-los \u00e0s novas exig\u00eancias clim\u00e1ticas, \u00e0s novas leis, com a aprendizagem de novas t\u00e9cnicas que respeitem o ambiente e fornecimento de todas as informa\u00e7\u00f5es necess\u00e1rias,<\/span><br \/>\n&#8211; <span style=\"font-weight: 400;\">Assegurar a forma\u00e7\u00e3o de novos agricultores e\/ou criadores no modo biol\u00f3gico \u2013 cursos te\u00f3ricos \/ pr\u00e1ticos.<\/span><br \/>\n&#8211; <span style=\"font-weight: 400;\">Rentabiliza\u00e7\u00e3o de desperd\u00edcios, para uma verdadeira economia circular,<\/span><br \/>\n&#8211; <span style=\"font-weight: 400;\">Apoio t\u00e9cnico a empresas e a particulares com o intuito de aumentar os conhecimentos, permitindo o acesso a qualquer tipo informa\u00e7\u00e3o nas mais diversas \u00e1reas,<\/span><br \/>\n&#8211; <span style=\"font-weight: 400;\">Implementar um sistema que d\u00ea respostas aos problemas, esclare\u00e7a as causas e proponha solu\u00e7\u00f5es (PCS), quer seja na \u00e1rea da agricultura, da pecu\u00e1ria e da sa\u00fade, do social, atrav\u00e9s de oficinas, semin\u00e1rios e cria\u00e7\u00e3o de uma plataforma digital,<\/span><br \/>\n&#8211; <span style=\"font-weight: 400;\">No empreendedorismo, captar investimentos estrangeiros para aproveitar os recursos end\u00f3genos e rentabiliz\u00e1-los (ex. Produ\u00e7\u00e3o de ra\u00e7\u00f5es biol\u00f3gicas, com mat\u00e9ria prima da zona), captando assim empresas e a cria\u00e7\u00e3o de postos de trabalho,<\/span><br \/>\n&#8211; <span style=\"font-weight: 400;\">No sector tur\u00edstico\/ alimentar, dar respostas \u00e0s unidades locais de alojamento e restaura\u00e7\u00e3o na elabora\u00e7\u00e3o de menus mais saud\u00e1veis e que deem respostas \u00e0s novas preocupa\u00e7\u00f5es dos utentes como por ex.\u201d alimentos sem gl\u00faten, vegans\u201d,<\/span><br \/>\n&#8211; <span style=\"font-weight: 400;\">Promover ainda, junto das IPSS e Universidade S\u00e9nior \u2013 como comer comida saud\u00e1vel e combater certas doen\u00e7as com meios naturais e alimentares, sem custos acrescidos,<\/span><br \/>\n&#8211; <span style=\"font-weight: 400;\">Na \u00e1rea do ambiente propor ideias para a diminui\u00e7\u00e3o do risco de inc\u00eandios, da polui\u00e7\u00e3o, t\u00e9cnicas para captar o carbono no solo.<\/span>[\/vc_column_text][\/vc_column][\/vc_row][\/vc_section]<\/p>\n<p>[vc_row][vc_column css=&#8220;.vc_custom_1617902197352{border-radius: 3px !important;}&#8220;][vc_column_text]<strong>A PLATAFORMA digital:<\/strong><br \/>\n<span style=\"font-weight: 400;\">A ARAA disp\u00f5e de um esp\u00f3lio documental composto por 11 000 livros, artigos cient\u00edficos e afins, sobre v\u00e1rias tem\u00e1ticas: agricultura, pecu\u00e1ria, sa\u00fade, ambiente, medicinas alternativas, astrologia, cozinha, etc.<\/span><span style=\"font-weight: 400;\"><br \/>\n<\/span><span style=\"font-weight: 400;\">Esta riqueza documental embora esteja \u00e0 disposi\u00e7\u00e3o de todo o p\u00fablico na forma de biblioteca tradicional, deve chegar mais longe, a tudo e a todos. A tend\u00eancia de hoje \u00e9 cada vez mais recorrer \u00e0 internet para recolhermos informa\u00e7\u00f5es, elaborar trabalhos, atualizar os nossos conhecimentos. Urge aqui uma necessidade! A informatiza\u00e7\u00e3o destes conte\u00fados e a sua acessibilidade, por forma a que qualquer pessoa, esteja onde estiver, possa aceder a esta informa\u00e7\u00e3o.<\/span><span style=\"font-weight: 400;\"><br \/>\n<\/span><span style=\"font-weight: 400;\">Pretende este servi\u00e7o ir mais longe e ser mais inovador e prestar ao usu\u00e1rio um servi\u00e7o \u00fanico e individualizado, que passo a citar com um exemplo: o usu\u00e1rio entra na web criada e digita:\u201d Figo da India\u201d.<\/span><br \/>\n&#8211; <span style=\"font-weight: 400;\">O programa ir\u00e1 aceder a todos os livros, artigos, revistas e v\u00eddeos que abordem o tema da planta\u00e7\u00e3o (e cultura, cuidados, necessidades de \u00e1gua\/fertilizante, rendimento econ\u00f3mico, transforma\u00e7\u00e3o, etc.) para os figos da India.<\/span><span style=\"font-weight: 400;\"><br \/>\n<\/span><span style=\"font-weight: 400;\">Mas se o usu\u00e1rio pretender um servi\u00e7o mais detalhado sobre o tema, existir\u00e1 um campo onde \u00e9 solicitado esse trabalho, mediante um or\u00e7amento. Caso o usu\u00e1rio concorde, ser\u00e1 elaborado um dossier com toda a informa\u00e7\u00e3o, investiga\u00e7\u00e3o e ter\u00e1 apoio t\u00e9cnico atrav\u00e9s de forma\u00e7\u00e3o te\u00f3rica e pr\u00e1tica no terreno, com visitas para controlo e monitoriza\u00e7\u00e3o dos resultados e respetivos relat\u00f3rios. ter\u00e1 ainda, outros campos:<\/span><br \/>\n&#8211; <span style=\"font-weight: 400;\">Onde ser\u00e3o lan\u00e7ados artigos sobre v\u00e1rias tem\u00e1ticas e cursos dispon\u00edveis on-line,<\/span><br \/>\n&#8211; <span style=\"font-weight: 400;\">Divulga\u00e7\u00e3o dos eventos e calendariza\u00e7\u00e3o: oficinas tem\u00e1ticas, palestras, visitas escolares, feiras, festivais, demonstra\u00e7\u00f5es de equipamentos e t\u00e9cnicas para agricultores, etc.<\/span>[\/vc_column_text][\/vc_column][\/vc_row]<\/p>\n","protected":false},"excerpt":{"rendered":"<p>[vc_row][vc_column][vc_single_image image=&#8220;12466&#8243; img_size=&#8220;full&#8220;][vc_empty_space height=&#8220;64px&#8220;][\/vc_column][\/vc_row][vc_row][vc_column][vc_custom_heading text=&#8220;+CO3SO&#8220; font_container=&#8220;tag:h1|font_size:75|text_align:center&#8220;][\/vc_column][\/vc_row][vc_row][vc_column][vc_empty_space height=&#8220;64px&#8220;][\/vc_column][\/vc_row][vc_section][vc_row][vc_column width=&#8220;1\/2&#8243;][vc_column_text] FICHA TECNICA Designa\u00e7\u00e3o do projeto: +CO3SO Emprego &#8211; Empreendedorismo Social (GAL) C\u00f3digo do Projeto: CENTRO-05-4740-FSE-001167 Objetivo Principal: FORTALECER A COES\u00c3O SOCIAL E TERRITORIAL (APROXIMAR E CONVERGIR) PROMOVER A INTEGRA\u00c7\u00c3O SOCIAL E COMBATER A POBREZA E QUALQUER DISCRIMINA\u00c7\u00c3O Regi\u00e3o de interven\u00e7\u00e3o: IDANHA-A-NOVA , 6060-182 Entidade Benefici\u00e1ria: ASSOCIA\u00c7\u00c3O RECURSOS [&hellip;]<\/p>\n","protected":false},"author":1,"featured_media":0,"parent":0,"menu_order":0,"comment_status":"closed","ping_status":"closed","template":"","meta":{"spay_email":""},"yoast_head":"<!-- This site is optimized with the Yoast SEO plugin v15.9.1 - https:\/\/yoast.com\/wordpress\/plugins\/seo\/ -->\n<title>CO3SO - Centro Documental Raiano<\/title>\n<meta name=\"robots\" content=\"index, follow, max-snippet:-1, max-image-preview:large, max-video-preview:-1\" \/>\n<link rel=\"canonical\" href=\"https:\/\/araa.pt\/de\/co3so\/\" \/>\n<meta property=\"og:locale\" content=\"de_DE\" \/>\n<meta property=\"og:type\" content=\"article\" \/>\n<meta property=\"og:title\" content=\"CO3SO - Centro Documental Raiano\" \/>\n<meta property=\"og:description\" content=\"[vc_row][vc_column][vc_single_image image=&#8220;12466&#8243; img_size=&#8220;full&#8220;][vc_empty_space height=&#8220;64px&#8220;][\/vc_column][\/vc_row][vc_row][vc_column][vc_custom_heading text=&#8220;+CO3SO&#8220; font_container=&#8220;tag:h1|font_size:75|text_align:center&#8220;][\/vc_column][\/vc_row][vc_row][vc_column][vc_empty_space height=&#8220;64px&#8220;][\/vc_column][\/vc_row][vc_section][vc_row][vc_column width=&#8220;1\/2&#8243;][vc_column_text] FICHA TECNICA Designa\u00e7\u00e3o do projeto: +CO3SO Emprego &#8211; Empreendedorismo Social (GAL) C\u00f3digo do Projeto: CENTRO-05-4740-FSE-001167 Objetivo Principal: FORTALECER A COES\u00c3O SOCIAL E TERRITORIAL (APROXIMAR E CONVERGIR) PROMOVER A INTEGRA\u00c7\u00c3O SOCIAL E COMBATER A POBREZA E QUALQUER DISCRIMINA\u00c7\u00c3O Regi\u00e3o de interven\u00e7\u00e3o: IDANHA-A-NOVA , 6060-182 Entidade Benefici\u00e1ria: ASSOCIA\u00c7\u00c3O RECURSOS [&hellip;]\" \/>\n<meta property=\"og:url\" content=\"https:\/\/araa.pt\/de\/co3so\/\" \/>\n<meta property=\"og:site_name\" content=\"Centro Documental Raiano\" \/>\n<meta property=\"article:modified_time\" content=\"2022-09-26T15:48:25+00:00\" \/>\n<meta property=\"og:image\" content=\"https:\/\/araa.pt\/wp-content\/uploads\/2022\/09\/co3so_stats_2.png\" \/>\n<meta name=\"twitter:card\" content=\"summary_large_image\" \/>\n<meta name=\"twitter:label1\" content=\"Gesch\u00e4tzte Lesezeit\">\n\t<meta name=\"twitter:data1\" content=\"5\u00a0Minuten\">\n<script type=\"application\/ld+json\" class=\"yoast-schema-graph\">{\"@context\":\"https:\/\/schema.org\",\"@graph\":[{\"@type\":\"WebSite\",\"@id\":\"https:\/\/araa.pt\/#website\",\"url\":\"https:\/\/araa.pt\/\",\"name\":\"Centro Documental Raiano\",\"description\":\"Associa\\u00e7\\u00e3o de Recursos Ambientais e Alternativos\",\"potentialAction\":[{\"@type\":\"SearchAction\",\"target\":\"https:\/\/araa.pt\/?s={search_term_string}\",\"query-input\":\"required name=search_term_string\"}],\"inLanguage\":\"de\"},{\"@type\":\"ImageObject\",\"@id\":\"https:\/\/araa.pt\/de\/co3so\/#primaryimage\",\"inLanguage\":\"de\",\"url\":\"https:\/\/araa.pt\/wp-content\/uploads\/2022\/09\/co3so_stats_2.png\",\"width\":432,\"height\":204},{\"@type\":\"WebPage\",\"@id\":\"https:\/\/araa.pt\/de\/co3so\/#webpage\",\"url\":\"https:\/\/araa.pt\/de\/co3so\/\",\"name\":\"CO3SO - Centro Documental Raiano\",\"isPartOf\":{\"@id\":\"https:\/\/araa.pt\/#website\"},\"primaryImageOfPage\":{\"@id\":\"https:\/\/araa.pt\/de\/co3so\/#primaryimage\"},\"datePublished\":\"2016-08-19T12:16:54+00:00\",\"dateModified\":\"2022-09-26T15:48:25+00:00\",\"breadcrumb\":{\"@id\":\"https:\/\/araa.pt\/de\/co3so\/#breadcrumb\"},\"inLanguage\":\"de\",\"potentialAction\":[{\"@type\":\"ReadAction\",\"target\":[\"https:\/\/araa.pt\/de\/co3so\/\"]}]},{\"@type\":\"BreadcrumbList\",\"@id\":\"https:\/\/araa.pt\/de\/co3so\/#breadcrumb\",\"itemListElement\":[{\"@type\":\"ListItem\",\"position\":1,\"item\":{\"@type\":\"WebPage\",\"@id\":\"https:\/\/araa.pt\/de\/\",\"url\":\"https:\/\/araa.pt\/de\/\",\"name\":\"Home\"}},{\"@type\":\"ListItem\",\"position\":2,\"item\":{\"@type\":\"WebPage\",\"@id\":\"https:\/\/araa.pt\/de\/co3so\/\",\"url\":\"https:\/\/araa.pt\/de\/co3so\/\",\"name\":\"CO3SO\"}}]}]}<\/script>\n<!-- \/ Yoast SEO plugin. -->","_links":{"self":[{"href":"https:\/\/araa.pt\/de\/wp-json\/wp\/v2\/pages\/12472"}],"collection":[{"href":"https:\/\/araa.pt\/de\/wp-json\/wp\/v2\/pages"}],"about":[{"href":"https:\/\/araa.pt\/de\/wp-json\/wp\/v2\/types\/page"}],"author":[{"embeddable":true,"href":"https:\/\/araa.pt\/de\/wp-json\/wp\/v2\/users\/1"}],"replies":[{"embeddable":true,"href":"https:\/\/araa.pt\/de\/wp-json\/wp\/v2\/comments?post=12472"}],"version-history":[{"count":21,"href":"https:\/\/araa.pt\/de\/wp-json\/wp\/v2\/pages\/12472\/revisions"}],"predecessor-version":[{"id":12941,"href":"https:\/\/araa.pt\/de\/wp-json\/wp\/v2\/pages\/12472\/revisions\/12941"}],"wp:attachment":[{"href":"https:\/\/araa.pt\/de\/wp-json\/wp\/v2\/media?parent=12472"}],"curies":[{"name":"wp","href":"https:\/\/api.w.org\/{rel}","templated":true}]}}