{"id":8829,"date":"2020-01-10T15:59:25","date_gmt":"2020-01-10T15:59:25","guid":{"rendered":"https:\/\/araa.pt\/product\/la-germinacion-para-todos\/"},"modified":"2020-01-14T10:35:51","modified_gmt":"2020-01-14T10:35:51","slug":"la-germinacion-para-todos","status":"publish","type":"product","link":"https:\/\/araa.pt\/es\/producto\/la-germinacion-para-todos\/","title":{"rendered":"La Germinaci\u00f3n para todos&#8230;"},"content":{"rendered":"<p>&#8230; para alcanzar la autonomia alimenticia.<\/p>\n<p>&nbsp;<\/p>\n<p>Este documento fue elaborado a partir de informaciones procedante de:<\/p>\n<ul>\n<li>La Fondation Soleil (Gen\u00e8ve &#8211; Suisse)<\/li>\n<li>L&#8217;Institut International de Ressources Ecologiques (Montr\u00e9al &#8211; Canada)<\/li>\n<\/ul>\n<p>Existe una edici\u00f3n en franc\u00e8s, ingl\u00e8s (traducci\u00f3n Judy Quenneville), italian,\u00a0 portugu\u00e9s (traducci\u00f3n Liseta Barbosa y Manuela y Angelo Rocha).<\/p>\n","protected":false},"excerpt":{"rendered":"<p>&#8230; para alcanzar la autonomia alimenticia. &nbsp; Este documento fue elaborado a partir de informaciones procedante de: La Fondation Soleil (Gen\u00e8ve &#8211; Suisse) L&#8217;Institut International de Ressources Ecologiques (Montr\u00e9al &#8211; Canada) Existe una edici\u00f3n en franc\u00e8s, ingl\u00e8s (traducci\u00f3n Judy Quenneville), italian,\u00a0 portugu\u00e9s (traducci\u00f3n Liseta Barbosa y Manuela y Angelo Rocha).<\/p>\n","protected":false},"featured_media":8813,"comment_status":"open","ping_status":"closed","template":"","meta":{"spay_email":""},"yoast_head":"<!-- This site is optimized with the Yoast SEO plugin v15.9.1 - https:\/\/yoast.com\/wordpress\/plugins\/seo\/ -->\n<title>La Germinaci\u00f3n para todos... - Centro Documental Raiano<\/title>\n<meta name=\"robots\" content=\"index, follow, max-snippet:-1, max-image-preview:large, max-video-preview:-1\" \/>\n<link rel=\"canonical\" href=\"https:\/\/araa.pt\/es\/producto\/la-germinacion-para-todos\/\" \/>\n<meta property=\"og:locale\" content=\"es_ES\" \/>\n<meta property=\"og:type\" content=\"article\" \/>\n<meta property=\"og:title\" content=\"La Germinaci\u00f3n para todos... - Centro Documental Raiano\" \/>\n<meta property=\"og:description\" content=\"&#8230; para alcanzar la autonomia alimenticia. &nbsp; Este documento fue elaborado a partir de informaciones procedante de: La Fondation Soleil (Gen\u00e8ve &#8211; Suisse) L&#8217;Institut International de Ressources Ecologiques (Montr\u00e9al &#8211; Canada) Existe una edici\u00f3n en franc\u00e8s, ingl\u00e8s (traducci\u00f3n Judy Quenneville), italian,\u00a0 portugu\u00e9s (traducci\u00f3n Liseta Barbosa y Manuela y Angelo Rocha).\" \/>\n<meta property=\"og:url\" content=\"https:\/\/araa.pt\/es\/producto\/la-germinacion-para-todos\/\" \/>\n<meta property=\"og:site_name\" content=\"Centro Documental Raiano\" \/>\n<meta property=\"article:modified_time\" content=\"2020-01-14T10:35:51+00:00\" \/>\n<meta property=\"og:image\" content=\"https:\/\/araa.pt\/wp-content\/uploads\/2020\/01\/germ_es.jpg\" \/>\n\t<meta property=\"og:image:width\" content=\"567\" \/>\n\t<meta property=\"og:image:height\" content=\"976\" \/>\n<meta name=\"twitter:card\" content=\"summary_large_image\" \/>\n<script type=\"application\/ld+json\" class=\"yoast-schema-graph\">{\"@context\":\"https:\/\/schema.org\",\"@graph\":[{\"@type\":\"WebSite\",\"@id\":\"https:\/\/araa.pt\/#website\",\"url\":\"https:\/\/araa.pt\/\",\"name\":\"Centro Documental Raiano\",\"description\":\"Associa\\u00e7\\u00e3o de Recursos Ambientais e Alternativos\",\"potentialAction\":[{\"@type\":\"SearchAction\",\"target\":\"https:\/\/araa.pt\/?s={search_term_string}\",\"query-input\":\"required name=search_term_string\"}],\"inLanguage\":\"es\"},{\"@type\":\"ImageObject\",\"@id\":\"https:\/\/araa.pt\/es\/producto\/la-germinacion-para-todos\/#primaryimage\",\"inLanguage\":\"es\",\"url\":\"https:\/\/araa.pt\/wp-content\/uploads\/2020\/01\/germ_es.jpg\",\"width\":567,\"height\":976},{\"@type\":\"WebPage\",\"@id\":\"https:\/\/araa.pt\/es\/producto\/la-germinacion-para-todos\/#webpage\",\"url\":\"https:\/\/araa.pt\/es\/producto\/la-germinacion-para-todos\/\",\"name\":\"La Germinaci\\u00f3n para todos... - Centro Documental Raiano\",\"isPartOf\":{\"@id\":\"https:\/\/araa.pt\/#website\"},\"primaryImageOfPage\":{\"@id\":\"https:\/\/araa.pt\/es\/producto\/la-germinacion-para-todos\/#primaryimage\"},\"datePublished\":\"2020-01-10T15:59:25+00:00\",\"dateModified\":\"2020-01-14T10:35:51+00:00\",\"breadcrumb\":{\"@id\":\"https:\/\/araa.pt\/es\/producto\/la-germinacion-para-todos\/#breadcrumb\"},\"inLanguage\":\"es\",\"potentialAction\":[{\"@type\":\"ReadAction\",\"target\":[\"https:\/\/araa.pt\/es\/producto\/la-germinacion-para-todos\/\"]}]},{\"@type\":\"BreadcrumbList\",\"@id\":\"https:\/\/araa.pt\/es\/producto\/la-germinacion-para-todos\/#breadcrumb\",\"itemListElement\":[{\"@type\":\"ListItem\",\"position\":1,\"item\":{\"@type\":\"WebPage\",\"@id\":\"https:\/\/araa.pt\/es\/\",\"url\":\"https:\/\/araa.pt\/es\/\",\"name\":\"Home\"}},{\"@type\":\"ListItem\",\"position\":2,\"item\":{\"@type\":\"WebPage\",\"@id\":\"https:\/\/araa.pt\/es\/tienda\/\",\"url\":\"https:\/\/araa.pt\/es\/tienda\/\",\"name\":\"Tienda\"}},{\"@type\":\"ListItem\",\"position\":3,\"item\":{\"@type\":\"WebPage\",\"@id\":\"https:\/\/araa.pt\/es\/producto\/la-germinacion-para-todos\/\",\"url\":\"https:\/\/araa.pt\/es\/producto\/la-germinacion-para-todos\/\",\"name\":\"La Germinaci\\u00f3n para todos&#8230;\"}}]}]}<\/script>\n<!-- \/ Yoast SEO plugin. -->","_links":{"self":[{"href":"https:\/\/araa.pt\/es\/wp-json\/wp\/v2\/product\/8829"}],"collection":[{"href":"https:\/\/araa.pt\/es\/wp-json\/wp\/v2\/product"}],"about":[{"href":"https:\/\/araa.pt\/es\/wp-json\/wp\/v2\/types\/product"}],"replies":[{"embeddable":true,"href":"https:\/\/araa.pt\/es\/wp-json\/wp\/v2\/comments?post=8829"}],"wp:featuredmedia":[{"embeddable":true,"href":"https:\/\/araa.pt\/es\/wp-json\/wp\/v2\/media\/8813"}],"wp:attachment":[{"href":"https:\/\/araa.pt\/es\/wp-json\/wp\/v2\/media?parent=8829"}],"curies":[{"name":"wp","href":"https:\/\/api.w.org\/{rel}","templated":true}]}}