{"id":7832,"date":"2019-12-08T20:23:48","date_gmt":"2019-12-08T20:23:48","guid":{"rendered":"https:\/\/araa.pt\/location\/"},"modified":"2023-05-11T16:07:24","modified_gmt":"2023-05-11T16:07:24","slug":"location","status":"publish","type":"page","link":"https:\/\/araa.pt\/fr\/location\/","title":{"rendered":"Contact"},"content":{"rendered":"<p>[vc_row][vc_column][vc_column_text css=\u00a0\u00bb.vc_custom_1575031388460{margin-bottom: 0px !important;}\u00a0\u00bb]<script type=\"text\/javascript\">\n    jQuery(document).ready(function($) {\n        \/\/ the div that will contain the map\n        var mapdiv = jQuery(\"#responsive_map_353639348\"); \n        \/\/ markers should be clustered?\n        var clustering = \"no\"; \n        \/\/ Create the map in the div \n        mapdiv.gMapResp({\n            maptype: google.maps.MapTypeId.ROADMAP,\n            log: false,\n            zoom: 13,\n            markers: [{\n                        address: 'Edificio Incubadora de Empresas, Idanha-a-Nova, Portugal.', \n                        key: '1',html:'<div id=\\'resmap_popup\\'><\/p> <h4>A R A A<\/h4> <p>Edificio Incubadora de Empresas, Idanha-a-Nova, Portugal.<br> Phone: (+351) 277 201 132 <br><br><strong><a target=\\'_blank\\' href=\\'https:\/\/maps.google.com\/?daddr=Edificio+Incubadora+de+Empresas%2C+Idanha-a-Nova%2C+Portugal.\\'>(directions to our address)<\/a><\/strong><\/div>',\n                        popup: false,\n                        flat: true,\n                        icon: {\n                            image: 'https:\/\/araa.pt\/wp-content\/uploads\/2016\/07\/ico-map-marker-araa.png'}}],\n            panControl: false,\n            zoomControl: false,\n            draggable: true,\n            scrollwheel: false,\n            mapTypeControl: false,\n            scaleControl: false,\n            streetViewControl: false,\n            overviewMapControl: true,\n            fullscreenControl: false,\n            styles: [{\"featureType\":\"road\",\"stylers\":[{\"visibility\":\"on\"}]},{\"featureType\":\"water\",\"stylers\":[{\"visibility\":\"off\"}]},{\"featureType\":\"administrative\",\"stylers\":[{ \"weight\":0.9}]}],\n            latitude: null,\n            longitude: null,\n            onComplete: function() {\n                var gmap = mapdiv.data('gmap').gmap;\n                if (clustering.length  != 0 && clustering == \"yes\") {\n                    var markerCluster = new MarkerClusterer(gmap, mapdiv.data('gmap').markers, {imagePath: 'https:\/\/araa.pt\/wp-content\/plugins\/responsive-maps-plugin\/includes\/img\/m'});\n                }\n            }\n        });\n        gmap = mapdiv.data('gmap').gmap;\n        });\n        window.onresize = function() {\n        jQuery('.responsive-map').each(function(i, obj) {\n            jQuery(this).gMapResp('fixAfterResize');\n        });\n    };\n      <\/script>\n    <div id=\"responsive_map_353639348\" class=\"responsive-map\" style=\"height:500px;width:100%;\"><\/div>[\/vc_column_text][\/vc_column][vc_column][vc_empty_space height=\u00a0\u00bb64px\u00a0\u00bb][\/vc_column][\/vc_row][vc_row][vc_column][vc_custom_heading text=\u00a0\u00bbLAISSEZ-NOUS UN MESSAGE\u00a0\u00bb font_container=\u00a0\u00bbtag:h2|text_align:center\u00a0\u00bb use_theme_fonts=\u00a0\u00bbyes\u00a0\u00bb css=\u00a0\u00bb.vc_custom_1575838584282{margin-bottom: 0px !important;}\u00a0\u00bb][vc_text_separator title=\u00a0\u00bb\u00a0\u00bb i_type=\u00a0\u00bbcustom-image\u00a0\u00bb color=\u00a0\u00bbcustom\u00a0\u00bb style=\u00a0\u00bbstitch-dashed\u00a0\u00bb el_width=\u00a0\u00bb40&Prime; add_icon=\u00a0\u00bbtrue\u00a0\u00bb image=\u00a0\u00bb738&Prime; accent_color=\u00a0\u00bb#a58251&Prime; el_class=\u00a0\u00bbfloral-decor-one\u00a0\u00bb][vc_empty_space height=\u00a0\u00bb16px\u00a0\u00bb][\/vc_column][\/vc_row][vc_row full_width=\u00a0\u00bbstretch_row\u00a0\u00bb el_class=\u00a0\u00bbvc-fill-notop-padding\u00a0\u00bb css=\u00a0\u00bb.vc_custom_1465899503732{background-color: #f2e9d2 !important;}\u00a0\u00bb][vc_column][vc_empty_space height=\u00a0\u00bb96px\u00a0\u00bb][\/vc_column][vc_column width=\u00a0\u00bb1\/6&Prime;][\/vc_column][vc_column width=\u00a0\u00bb2\/3&Prime;]<div role=\"form\" class=\"wpcf7\" id=\"wpcf7-f9042-o1\" lang=\"en-US\" dir=\"ltr\">\n<div class=\"screen-reader-response\"><p role=\"status\" aria-live=\"polite\" aria-atomic=\"true\"><\/p> <ul><\/ul><\/div>\n<form action=\"\/fr\/wp-json\/wp\/v2\/pages\/7832#wpcf7-f9042-o1\" method=\"post\" class=\"wpcf7-form init dt-sc-contact-form\" novalidate=\"novalidate\" data-status=\"init\">\n<div style=\"display: none;\">\n<input type=\"hidden\" name=\"_wpcf7\" value=\"9042\" \/>\n<input type=\"hidden\" name=\"_wpcf7_version\" value=\"5.4\" \/>\n<input type=\"hidden\" name=\"_wpcf7_locale\" value=\"en_US\" \/>\n<input type=\"hidden\" name=\"_wpcf7_unit_tag\" value=\"wpcf7-f9042-o1\" \/>\n<input type=\"hidden\" name=\"_wpcf7_container_post\" value=\"0\" \/>\n<input type=\"hidden\" name=\"_wpcf7_posted_data_hash\" value=\"\" \/>\n<input type=\"hidden\" name=\"_wpcf7_recaptcha_response\" value=\"\" \/>\n<\/div>\n<p><span class=\"icon icon-user\"><\/span><span class=\"wpcf7-form-control-wrap text-25\"><input type=\"text\" name=\"text-25\" value=\"\" size=\"40\" class=\"wpcf7-form-control wpcf7-text wpcf7-validates-as-required\" aria-required=\"true\" aria-invalid=\"false\" placeholder=\"Nom (obligatoire)\" \/><\/span><\/p>\n<p>[vc_empty_space height=\"20px\"]\n<p><span class=\"icon icon-mail\"> <\/span><span class=\"wpcf7-form-control-wrap email-754\"><input type=\"email\" name=\"email-754\" value=\"\" size=\"40\" class=\"wpcf7-form-control wpcf7-text wpcf7-email wpcf7-validates-as-required wpcf7-validates-as-email\" aria-required=\"true\" aria-invalid=\"false\" placeholder=\"Email (obligatoire)\" \/><\/span><\/p>\n<p>[vc_empty_space height=\"20px\"]\n<p><span class=\"icon icon-clipboardtext\"> <\/span><span class=\"wpcf7-form-control-wrap textarea-551\"><textarea name=\"textarea-551\" cols=\"40\" rows=\"10\" class=\"wpcf7-form-control wpcf7-textarea wpcf7-validates-as-required\" aria-required=\"true\" aria-invalid=\"false\" placeholder=\"Message (obligatoire)\"><\/textarea><\/span><\/p>\n<p>[vc_empty_space]\n<span class=\"wpcf7-form-control-wrap recaptcha\"><span data-sitekey=\"6LcdAM4pAAAAAO53-v7omTJA1VSVCJypkfOHPS0d\" class=\"wpcf7-form-control g-recaptcha wpcf7-recaptcha\"><\/span>\r\n<noscript>\r\n\t<div class=\"grecaptcha-noscript\">\r\n\t\t<iframe src=\"https:\/\/www.google.com\/recaptcha\/api\/fallback?k=6LcdAM4pAAAAAO53-v7omTJA1VSVCJypkfOHPS0d\" frameborder=\"0\" scrolling=\"no\" width=\"310\" height=\"430\">\r\n\t\t<\/iframe>\r\n\t\t<textarea name=\"g-recaptcha-response\" rows=\"3\" cols=\"40\" placeholder=\"reCaptcha Response Here\">\r\n\t\t<\/textarea>\r\n\t<\/div>\r\n<\/noscript>\r\n<\/span>\n<p class=\"fill_pattern_bg vc_btn3-container vc_btn3-center\"><input type=\"submit\" value=\"Envoyer Message\" class=\"wpcf7-form-control wpcf7-submit vc_general vc_btn3 vc_btn3-size-md vc_btn3-shape-square vc_btn3-style-flat vc_btn3-color-skincolor\" \/><\/p>\n<div class=\"wpcf7-response-output\" aria-hidden=\"true\"><\/div><\/form><\/div>[\/vc_column][vc_column width=\u00a0\u00bb1\/6&Prime;][\/vc_column][vc_column][vc_empty_space height=\u00a0\u00bb64px\u00a0\u00bb][\/vc_column][\/vc_row][vc_row css=\u00a0\u00bb.vc_custom_1468407800520{padding-right: 80px !important;padding-left: 80px !important;}\u00a0\u00bb el_class=\u00a0\u00bbvc_nopadding_override_xs\u00a0\u00bb][vc_column][vc_empty_space height=\u00a0\u00bb80px\u00a0\u00bb][\/vc_column][vc_column width=\u00a0\u00bb2\/3&Prime;][vc_custom_heading text=\u00a0\u00bbENTRER EN CONTACT\u00a0\u00bb font_container=\u00a0\u00bbtag:h3|text_align:left\u00a0\u00bb use_theme_fonts=\u00a0\u00bbyes\u00a0\u00bb addstyles=\u00a0\u00bbletter-spacing: 1.5px;\u00a0\u00bb][vc_separator color=\u00a0\u00bbcustom\u00a0\u00bb align=\u00a0\u00bbalign_left\u00a0\u00bb style=\u00a0\u00bbstitch-dashed\u00a0\u00bb el_width=\u00a0\u00bb20&Prime; accent_color=\u00a0\u00bb#a58251&Prime;][vc_column_text]<\/p>\n<p style=\"text-align: center;\">Ici \u00e0 ARAA croyons en une approche harmonieuse et solidaire du d\u00e9veloppement alternatif impliquant le partage d\u2019informations et l\u2019application concert\u00e9e de solutions \u00e9cologiques pour r\u00e9soudre les d\u00e9fis du monde moderne.<\/p>\n<p>[\/vc_column_text][vc_row_inner][vc_column_inner el_class=\u00a0\u00bbrs_col-sm-12&Prime; width=\u00a0\u00bb1\/2&Prime;]<div class=\"outer-frame-border\"><div class='dt-sc-contact-info type6 '><span class='dt-stroke-icon icon icon-pointer'> <\/span><h6>ADRESSE<\/h6>Centro Empresarial &#8211; Z.I<br>PT-6060-182 Idanha-a-Nova<\/div><\/div>[vc_empty_space]<div class=\"outer-frame-border\"><div class='dt-sc-contact-info type6 '><span class='dt-stroke-icon icon icon-imbox'> <\/span><h6>EMAIL<\/h6><a title=\"\" href=\"#\"> info@araa.pt<\/a><br><br><\/div><\/div>[\/vc_column_inner][vc_column_inner el_class=\u00a0\u00bbrs_col-sm-12&Prime; width=\u00a0\u00bb1\/2&Prime;]<div class=\"outer-frame-border\"><div class='dt-sc-contact-info type6 '><span class='dt-stroke-icon icon icon-phone2'> <\/span><h6>NUM\u00c9RO DE TELEPHONE<\/h6>(+351) 277 201 132[vc_empty_space height=\u00a0\u00bb1px\u00a0\u00bb]<div class='dt-sc-contact-info  '><\/div> a) Appel vers le r\u00e9seau fixe national[vc_empty_space height=\u00a0\u00bb1px\u00a0\u00bb]<div class='dt-sc-contact-info  '><\/div>b) Appel vers le r\u00e9seau mobile national[vc_empty_space height=\u00a0\u00bb3px\u00a0\u00bb]<div class='dt-sc-contact-info  '><\/div>Le co\u00fbt d&rsquo;un appel \u00e0 ARAA-PT est variable (\u00ab\u00a0a*\u00a0\u00bb ou \u00ab\u00a0b*\u00a0\u00bb). Le co\u00fbt international d\u00e9pend des prix dans votre pays.<\/div><\/div>[vc_empty_space]<div class=\"outer-frame-border\"><div class='dt-sc-contact-info type6 '><span class='dt-stroke-icon icon icon-timer'> <\/span><h6>HORAIRES D'OUVERTURE<\/h6>Lundi \u00e0 Vendredi 9:00 \u00e0 19:00\u00a0 <br> Samedi et Dimanche \u2013 Ferm\u00e9<\/div><\/div>[\/vc_column_inner][\/vc_row_inner][\/vc_column][vc_column width=\u00a0\u00bb1\/3&Prime;][vc_custom_heading text=\u00a0\u00bbGANDHI\u00a0\u00bb font_container=\u00a0\u00bbtag:h3|text_align:left\u00a0\u00bb use_theme_fonts=\u00a0\u00bbyes\u00a0\u00bb addstyles=\u00a0\u00bbletter-spacing: 1.5px;\u00a0\u00bb][vc_separator color=\u00a0\u00bbcustom\u00a0\u00bb align=\u00a0\u00bbalign_left\u00a0\u00bb style=\u00a0\u00bbstitch-dashed\u00a0\u00bb el_width=\u00a0\u00bb30&Prime; accent_color=\u00a0\u00bb#a58251&Prime;][vc_column_text]<\/p>\n<p style=\"text-align: left;\"><strong>Soyez le changement que vous voulez voir dans le monde.<\/strong><\/p>\n<p><img loading=\"lazy\" class=\"alignnone wp-image-7854\" src=\"https:\/\/araa.pt\/wp-content\/uploads\/2019\/12\/Gandhi-Walking-Illustration-1-212x300.jpg\" alt=\"\" width=\"301\" height=\"426\" srcset=\"https:\/\/araa.pt\/wp-content\/uploads\/2019\/12\/Gandhi-Walking-Illustration-1-212x300.jpg 212w, https:\/\/araa.pt\/wp-content\/uploads\/2019\/12\/Gandhi-Walking-Illustration-1-600x849.jpg 600w, https:\/\/araa.pt\/wp-content\/uploads\/2019\/12\/Gandhi-Walking-Illustration-1-724x1024.jpg 724w, https:\/\/araa.pt\/wp-content\/uploads\/2019\/12\/Gandhi-Walking-Illustration-1-768x1086.jpg 768w, https:\/\/araa.pt\/wp-content\/uploads\/2019\/12\/Gandhi-Walking-Illustration-1.jpg 842w\" sizes=\"(max-width: 301px) 100vw, 301px\" \/><\/p>\n<p><img loading=\"lazy\" class=\"alignnone wp-image-7879\" src=\"https:\/\/araa.pt\/wp-content\/uploads\/2019\/12\/logo-bottom-2-300x162.png\" alt=\"\" width=\"265\" height=\"143\" srcset=\"https:\/\/araa.pt\/wp-content\/uploads\/2019\/12\/logo-bottom-2-300x162.png 300w, https:\/\/araa.pt\/wp-content\/uploads\/2019\/12\/logo-bottom-2.png 400w\" sizes=\"(max-width: 265px) 100vw, 265px\" \/>[\/vc_column_text][\/vc_column][vc_column][vc_empty_space height=\u00a0\u00bb128&Prime;][\/vc_column][\/vc_row]<\/p>\n","protected":false},"excerpt":{"rendered":"<p>[vc_row][vc_column][vc_column_text css=\u00a0\u00bb.vc_custom_1575031388460{margin-bottom: 0px !important;}\u00a0\u00bb][\/vc_column_text][\/vc_column][vc_column][vc_empty_space height=\u00a0\u00bb64px\u00a0\u00bb][\/vc_column][\/vc_row][vc_row][vc_column][vc_custom_heading text=\u00a0\u00bbLAISSEZ-NOUS UN MESSAGE\u00a0\u00bb font_container=\u00a0\u00bbtag:h2|text_align:center\u00a0\u00bb use_theme_fonts=\u00a0\u00bbyes\u00a0\u00bb css=\u00a0\u00bb.vc_custom_1575838584282{margin-bottom: 0px !important;}\u00a0\u00bb][vc_text_separator title=\u00a0\u00bb\u00a0\u00bb i_type=\u00a0\u00bbcustom-image\u00a0\u00bb color=\u00a0\u00bbcustom\u00a0\u00bb style=\u00a0\u00bbstitch-dashed\u00a0\u00bb el_width=\u00a0\u00bb40&Prime; add_icon=\u00a0\u00bbtrue\u00a0\u00bb image=\u00a0\u00bb738&Prime; accent_color=\u00a0\u00bb#a58251&Prime; el_class=\u00a0\u00bbfloral-decor-one\u00a0\u00bb][vc_empty_space height=\u00a0\u00bb16px\u00a0\u00bb][\/vc_column][\/vc_row][vc_row full_width=\u00a0\u00bbstretch_row\u00a0\u00bb el_class=\u00a0\u00bbvc-fill-notop-padding\u00a0\u00bb css=\u00a0\u00bb.vc_custom_1465899503732{background-color: #f2e9d2 !important;}\u00a0\u00bb][vc_column][vc_empty_space height=\u00a0\u00bb96px\u00a0\u00bb][\/vc_column][vc_column width=\u00a0\u00bb1\/6&Prime;][\/vc_column][vc_column width=\u00a0\u00bb2\/3&Prime;][\/vc_column][vc_column width=\u00a0\u00bb1\/6&Prime;][\/vc_column][vc_column][vc_empty_space height=\u00a0\u00bb64px\u00a0\u00bb][\/vc_column][\/vc_row][vc_row css=\u00a0\u00bb.vc_custom_1468407800520{padding-right: 80px !important;padding-left: 80px !important;}\u00a0\u00bb el_class=\u00a0\u00bbvc_nopadding_override_xs\u00a0\u00bb][vc_column][vc_empty_space height=\u00a0\u00bb80px\u00a0\u00bb][\/vc_column][vc_column width=\u00a0\u00bb2\/3&Prime;][vc_custom_heading text=\u00a0\u00bbENTRER EN CONTACT\u00a0\u00bb font_container=\u00a0\u00bbtag:h3|text_align:left\u00a0\u00bb use_theme_fonts=\u00a0\u00bbyes\u00a0\u00bb addstyles=\u00a0\u00bbletter-spacing: 1.5px;\u00a0\u00bb][vc_separator color=\u00a0\u00bbcustom\u00a0\u00bb align=\u00a0\u00bbalign_left\u00a0\u00bb style=\u00a0\u00bbstitch-dashed\u00a0\u00bb el_width=\u00a0\u00bb20&Prime; accent_color=\u00a0\u00bb#a58251&Prime;][vc_column_text] Ici \u00e0 [&hellip;]<\/p>\n","protected":false},"author":1,"featured_media":0,"parent":0,"menu_order":0,"comment_status":"closed","ping_status":"closed","template":"","meta":{"spay_email":""},"yoast_head":"<!-- This site is optimized with the Yoast SEO plugin v15.9.1 - https:\/\/yoast.com\/wordpress\/plugins\/seo\/ -->\n<title>Contact - Centro Documental Raiano<\/title>\n<meta name=\"robots\" content=\"index, follow, max-snippet:-1, max-image-preview:large, max-video-preview:-1\" \/>\n<link rel=\"canonical\" href=\"https:\/\/araa.pt\/fr\/location\/\" \/>\n<meta property=\"og:locale\" content=\"fr_FR\" \/>\n<meta property=\"og:type\" content=\"article\" \/>\n<meta property=\"og:title\" content=\"Contact - Centro Documental Raiano\" \/>\n<meta property=\"og:description\" content=\"[vc_row][vc_column][vc_column_text css=\u00a0\u00bb.vc_custom_1575031388460{margin-bottom: 0px !important;}\u00a0\u00bb][\/vc_column_text][\/vc_column][vc_column][vc_empty_space height=\u00a0\u00bb64px\u00a0\u00bb][\/vc_column][\/vc_row][vc_row][vc_column][vc_custom_heading text=\u00a0\u00bbLAISSEZ-NOUS UN MESSAGE\u00a0\u00bb font_container=\u00a0\u00bbtag:h2|text_align:center\u00a0\u00bb use_theme_fonts=\u00a0\u00bbyes\u00a0\u00bb css=\u00a0\u00bb.vc_custom_1575838584282{margin-bottom: 0px !important;}\u00a0\u00bb][vc_text_separator title=\u00a0\u00bb\u00a0\u00bb i_type=\u00a0\u00bbcustom-image\u00a0\u00bb color=\u00a0\u00bbcustom\u00a0\u00bb style=\u00a0\u00bbstitch-dashed\u00a0\u00bb el_width=\u00a0\u00bb40&Prime; add_icon=\u00a0\u00bbtrue\u00a0\u00bb image=\u00a0\u00bb738&Prime; accent_color=\u00a0\u00bb#a58251&Prime; el_class=\u00a0\u00bbfloral-decor-one\u00a0\u00bb][vc_empty_space height=\u00a0\u00bb16px\u00a0\u00bb][\/vc_column][\/vc_row][vc_row full_width=\u00a0\u00bbstretch_row\u00a0\u00bb el_class=\u00a0\u00bbvc-fill-notop-padding\u00a0\u00bb css=\u00a0\u00bb.vc_custom_1465899503732{background-color: #f2e9d2 !important;}\u00a0\u00bb][vc_column][vc_empty_space height=\u00a0\u00bb96px\u00a0\u00bb][\/vc_column][vc_column width=\u00a0\u00bb1\/6&Prime;][\/vc_column][vc_column width=\u00a0\u00bb2\/3&Prime;][\/vc_column][vc_column width=\u00a0\u00bb1\/6&Prime;][\/vc_column][vc_column][vc_empty_space height=\u00a0\u00bb64px\u00a0\u00bb][\/vc_column][\/vc_row][vc_row css=\u00a0\u00bb.vc_custom_1468407800520{padding-right: 80px !important;padding-left: 80px !important;}\u00a0\u00bb el_class=\u00a0\u00bbvc_nopadding_override_xs\u00a0\u00bb][vc_column][vc_empty_space height=\u00a0\u00bb80px\u00a0\u00bb][\/vc_column][vc_column width=\u00a0\u00bb2\/3&Prime;][vc_custom_heading text=\u00a0\u00bbENTRER EN CONTACT\u00a0\u00bb font_container=\u00a0\u00bbtag:h3|text_align:left\u00a0\u00bb use_theme_fonts=\u00a0\u00bbyes\u00a0\u00bb addstyles=\u00a0\u00bbletter-spacing: 1.5px;\u00a0\u00bb][vc_separator color=\u00a0\u00bbcustom\u00a0\u00bb align=\u00a0\u00bbalign_left\u00a0\u00bb style=\u00a0\u00bbstitch-dashed\u00a0\u00bb el_width=\u00a0\u00bb20&Prime; accent_color=\u00a0\u00bb#a58251&Prime;][vc_column_text] Ici \u00e0 [&hellip;]\" \/>\n<meta property=\"og:url\" content=\"https:\/\/araa.pt\/fr\/location\/\" \/>\n<meta property=\"og:site_name\" content=\"Centro Documental Raiano\" \/>\n<meta property=\"article:modified_time\" content=\"2023-05-11T16:07:24+00:00\" \/>\n<meta property=\"og:image\" content=\"https:\/\/araa.pt\/wp-content\/uploads\/2019\/12\/Gandhi-Walking-Illustration-1-212x300.jpg\" \/>\n<meta name=\"twitter:card\" content=\"summary_large_image\" \/>\n<meta name=\"twitter:label1\" content=\"Dur\u00e9e de lecture est.\">\n\t<meta name=\"twitter:data1\" content=\"3 minutes\">\n<script type=\"application\/ld+json\" class=\"yoast-schema-graph\">{\"@context\":\"https:\/\/schema.org\",\"@graph\":[{\"@type\":\"WebSite\",\"@id\":\"https:\/\/araa.pt\/#website\",\"url\":\"https:\/\/araa.pt\/\",\"name\":\"Centro Documental Raiano\",\"description\":\"Associa\\u00e7\\u00e3o de Recursos Ambientais e Alternativos\",\"potentialAction\":[{\"@type\":\"SearchAction\",\"target\":\"https:\/\/araa.pt\/?s={search_term_string}\",\"query-input\":\"required name=search_term_string\"}],\"inLanguage\":\"fr-FR\"},{\"@type\":\"ImageObject\",\"@id\":\"https:\/\/araa.pt\/fr\/location\/#primaryimage\",\"inLanguage\":\"fr-FR\",\"url\":\"https:\/\/araa.pt\/wp-content\/uploads\/2019\/12\/Gandhi-Walking-Illustration-1.jpg\",\"width\":842,\"height\":1191},{\"@type\":\"WebPage\",\"@id\":\"https:\/\/araa.pt\/fr\/location\/#webpage\",\"url\":\"https:\/\/araa.pt\/fr\/location\/\",\"name\":\"Contact - Centro Documental Raiano\",\"isPartOf\":{\"@id\":\"https:\/\/araa.pt\/#website\"},\"primaryImageOfPage\":{\"@id\":\"https:\/\/araa.pt\/fr\/location\/#primaryimage\"},\"datePublished\":\"2019-12-08T20:23:48+00:00\",\"dateModified\":\"2023-05-11T16:07:24+00:00\",\"breadcrumb\":{\"@id\":\"https:\/\/araa.pt\/fr\/location\/#breadcrumb\"},\"inLanguage\":\"fr-FR\",\"potentialAction\":[{\"@type\":\"ReadAction\",\"target\":[\"https:\/\/araa.pt\/fr\/location\/\"]}]},{\"@type\":\"BreadcrumbList\",\"@id\":\"https:\/\/araa.pt\/fr\/location\/#breadcrumb\",\"itemListElement\":[{\"@type\":\"ListItem\",\"position\":1,\"item\":{\"@type\":\"WebPage\",\"@id\":\"https:\/\/araa.pt\/fr\/\",\"url\":\"https:\/\/araa.pt\/fr\/\",\"name\":\"Home\"}},{\"@type\":\"ListItem\",\"position\":2,\"item\":{\"@type\":\"WebPage\",\"@id\":\"https:\/\/araa.pt\/fr\/location\/\",\"url\":\"https:\/\/araa.pt\/fr\/location\/\",\"name\":\"Contact\"}}]}]}<\/script>\n<!-- \/ Yoast SEO plugin. -->","_links":{"self":[{"href":"https:\/\/araa.pt\/fr\/wp-json\/wp\/v2\/pages\/7832"}],"collection":[{"href":"https:\/\/araa.pt\/fr\/wp-json\/wp\/v2\/pages"}],"about":[{"href":"https:\/\/araa.pt\/fr\/wp-json\/wp\/v2\/types\/page"}],"author":[{"embeddable":true,"href":"https:\/\/araa.pt\/fr\/wp-json\/wp\/v2\/users\/1"}],"replies":[{"embeddable":true,"href":"https:\/\/araa.pt\/fr\/wp-json\/wp\/v2\/comments?post=7832"}],"version-history":[{"count":10,"href":"https:\/\/araa.pt\/fr\/wp-json\/wp\/v2\/pages\/7832\/revisions"}],"predecessor-version":[{"id":13124,"href":"https:\/\/araa.pt\/fr\/wp-json\/wp\/v2\/pages\/7832\/revisions\/13124"}],"wp:attachment":[{"href":"https:\/\/araa.pt\/fr\/wp-json\/wp\/v2\/media?parent=7832"}],"curies":[{"name":"wp","href":"https:\/\/api.w.org\/{rel}","templated":true}]}}