{"id":8821,"date":"2020-01-10T15:59:25","date_gmt":"2020-01-10T15:59:25","guid":{"rendered":"https:\/\/araa.pt\/product\/des-germinations-pour-tous\/"},"modified":"2020-01-14T11:33:35","modified_gmt":"2020-01-14T11:33:35","slug":"des-germinations-pour-tous","status":"publish","type":"product","link":"https:\/\/araa.pt\/fr\/produit\/des-germinations-pour-tous\/","title":{"rendered":"Des germinations pour tous&#8230;"},"content":{"rendered":"<p>&#8230; pour atteindre l&rsquo;autonomie alimentaire.<\/p>\n<p>&nbsp;<\/p>\n<p>Ce dossier \u00e0 \u00e9t\u00e9 \u00e9labor\u00e9 \u00e0 partir d&rsquo;informations v\u00e9hicul\u00e9es par :<\/p>\n<ul>\n<li>la Fondation Soleil (Gen\u00e8ve &#8211; Suisse)<\/li>\n<li>l&rsquo;Institut International de Ressources Ecologiques (Montr\u00e9al &#8211; Canada)<\/li>\n<\/ul>\n<p>avec l&rsquo;autorisation de leurs fondateurs.<\/p>\n<p>&nbsp;<\/p>\n<p>Disponible en langues fran\u00e7aise, anglaise (traduction de Judy Quenneville), portugaise (traduction de Lisette Barbosa, Manuela e Angelo Rocha), italienne et espagnole (traduction de Ana Caudevilla P\u00e9rez Sendim).<\/p>\n","protected":false},"excerpt":{"rendered":"<p>&#8230; pour atteindre l&rsquo;autonomie alimentaire. &nbsp; Ce dossier \u00e0 \u00e9t\u00e9 \u00e9labor\u00e9 \u00e0 partir d&rsquo;informations v\u00e9hicul\u00e9es par : la Fondation Soleil (Gen\u00e8ve &#8211; Suisse) l&rsquo;Institut International de Ressources Ecologiques (Montr\u00e9al &#8211; Canada) avec l&rsquo;autorisation de leurs fondateurs. &nbsp; Disponible en langues fran\u00e7aise, anglaise (traduction de Judy Quenneville), portugaise (traduction de Lisette Barbosa, Manuela e Angelo Rocha), [&hellip;]<\/p>\n","protected":false},"featured_media":8810,"comment_status":"open","ping_status":"closed","template":"","meta":{"spay_email":""},"yoast_head":"<!-- This site is optimized with the Yoast SEO plugin v15.9.1 - https:\/\/yoast.com\/wordpress\/plugins\/seo\/ -->\n<title>Des germinations pour tous... - Centro Documental Raiano<\/title>\n<meta name=\"robots\" content=\"index, follow, max-snippet:-1, max-image-preview:large, max-video-preview:-1\" \/>\n<link rel=\"canonical\" href=\"https:\/\/araa.pt\/fr\/produit\/des-germinations-pour-tous\/\" \/>\n<meta property=\"og:locale\" content=\"fr_FR\" \/>\n<meta property=\"og:type\" content=\"article\" \/>\n<meta property=\"og:title\" content=\"Des germinations pour tous... - Centro Documental Raiano\" \/>\n<meta property=\"og:description\" content=\"&#8230; pour atteindre l&rsquo;autonomie alimentaire. &nbsp; Ce dossier \u00e0 \u00e9t\u00e9 \u00e9labor\u00e9 \u00e0 partir d&rsquo;informations v\u00e9hicul\u00e9es par : la Fondation Soleil (Gen\u00e8ve &#8211; Suisse) l&rsquo;Institut International de Ressources Ecologiques (Montr\u00e9al &#8211; Canada) avec l&rsquo;autorisation de leurs fondateurs. &nbsp; Disponible en langues fran\u00e7aise, anglaise (traduction de Judy Quenneville), portugaise (traduction de Lisette Barbosa, Manuela e Angelo Rocha), [&hellip;]\" \/>\n<meta property=\"og:url\" content=\"https:\/\/araa.pt\/fr\/produit\/des-germinations-pour-tous\/\" \/>\n<meta property=\"og:site_name\" content=\"Centro Documental Raiano\" \/>\n<meta property=\"article:modified_time\" content=\"2020-01-14T11:33:35+00:00\" \/>\n<meta property=\"og:image\" content=\"https:\/\/araa.pt\/wp-content\/uploads\/2020\/01\/germ_fr-1.jpg\" \/>\n\t<meta property=\"og:image:width\" content=\"567\" \/>\n\t<meta property=\"og:image:height\" content=\"912\" \/>\n<meta name=\"twitter:card\" content=\"summary_large_image\" \/>\n<script type=\"application\/ld+json\" class=\"yoast-schema-graph\">{\"@context\":\"https:\/\/schema.org\",\"@graph\":[{\"@type\":\"WebSite\",\"@id\":\"https:\/\/araa.pt\/#website\",\"url\":\"https:\/\/araa.pt\/\",\"name\":\"Centro Documental Raiano\",\"description\":\"Associa\\u00e7\\u00e3o de Recursos Ambientais e Alternativos\",\"potentialAction\":[{\"@type\":\"SearchAction\",\"target\":\"https:\/\/araa.pt\/?s={search_term_string}\",\"query-input\":\"required name=search_term_string\"}],\"inLanguage\":\"fr-FR\"},{\"@type\":\"ImageObject\",\"@id\":\"https:\/\/araa.pt\/fr\/produit\/des-germinations-pour-tous\/#primaryimage\",\"inLanguage\":\"fr-FR\",\"url\":\"https:\/\/araa.pt\/wp-content\/uploads\/2020\/01\/germ_fr-1.jpg\",\"width\":567,\"height\":912},{\"@type\":\"WebPage\",\"@id\":\"https:\/\/araa.pt\/fr\/produit\/des-germinations-pour-tous\/#webpage\",\"url\":\"https:\/\/araa.pt\/fr\/produit\/des-germinations-pour-tous\/\",\"name\":\"Des germinations pour tous... - Centro Documental Raiano\",\"isPartOf\":{\"@id\":\"https:\/\/araa.pt\/#website\"},\"primaryImageOfPage\":{\"@id\":\"https:\/\/araa.pt\/fr\/produit\/des-germinations-pour-tous\/#primaryimage\"},\"datePublished\":\"2020-01-10T15:59:25+00:00\",\"dateModified\":\"2020-01-14T11:33:35+00:00\",\"breadcrumb\":{\"@id\":\"https:\/\/araa.pt\/fr\/produit\/des-germinations-pour-tous\/#breadcrumb\"},\"inLanguage\":\"fr-FR\",\"potentialAction\":[{\"@type\":\"ReadAction\",\"target\":[\"https:\/\/araa.pt\/fr\/produit\/des-germinations-pour-tous\/\"]}]},{\"@type\":\"BreadcrumbList\",\"@id\":\"https:\/\/araa.pt\/fr\/produit\/des-germinations-pour-tous\/#breadcrumb\",\"itemListElement\":[{\"@type\":\"ListItem\",\"position\":1,\"item\":{\"@type\":\"WebPage\",\"@id\":\"https:\/\/araa.pt\/fr\/\",\"url\":\"https:\/\/araa.pt\/fr\/\",\"name\":\"Home\"}},{\"@type\":\"ListItem\",\"position\":2,\"item\":{\"@type\":\"WebPage\",\"@id\":\"https:\/\/araa.pt\/fr\/boutique\/\",\"url\":\"https:\/\/araa.pt\/fr\/boutique\/\",\"name\":\"Boutique\"}},{\"@type\":\"ListItem\",\"position\":3,\"item\":{\"@type\":\"WebPage\",\"@id\":\"https:\/\/araa.pt\/fr\/produit\/des-germinations-pour-tous\/\",\"url\":\"https:\/\/araa.pt\/fr\/produit\/des-germinations-pour-tous\/\",\"name\":\"Des germinations pour tous&#8230;\"}}]}]}<\/script>\n<!-- \/ Yoast SEO plugin. -->","_links":{"self":[{"href":"https:\/\/araa.pt\/fr\/wp-json\/wp\/v2\/product\/8821"}],"collection":[{"href":"https:\/\/araa.pt\/fr\/wp-json\/wp\/v2\/product"}],"about":[{"href":"https:\/\/araa.pt\/fr\/wp-json\/wp\/v2\/types\/product"}],"replies":[{"embeddable":true,"href":"https:\/\/araa.pt\/fr\/wp-json\/wp\/v2\/comments?post=8821"}],"wp:featuredmedia":[{"embeddable":true,"href":"https:\/\/araa.pt\/fr\/wp-json\/wp\/v2\/media\/8810"}],"wp:attachment":[{"href":"https:\/\/araa.pt\/fr\/wp-json\/wp\/v2\/media?parent=8821"}],"curies":[{"name":"wp","href":"https:\/\/api.w.org\/{rel}","templated":true}]}}